{"id":49,"date":"2020-08-29T00:38:10","date_gmt":"2020-08-28T22:38:10","guid":{"rendered":"http:\/\/www.suoniecoloriintoscana.it\/?page_id=49"},"modified":"2025-08-03T20:19:16","modified_gmt":"2025-08-03T18:19:16","slug":"il-festival","status":"publish","type":"page","link":"https:\/\/www.suoniecoloriintoscana.it\/index.php\/il-festival\/","title":{"rendered":"Il festival"},"content":{"rendered":"\n<p>Dal 31 Agosto al 14 Settembre 2025 torna uno dei festival pi\u00f9 longevi della toscana con proposte che hanno come tema l\u2019omaggio ai maestri della musica<\/p>\n\n\n\n<p>Tra gli spettacoli, l\u2019omaggio a Ennio Morricone, Nino Rota e ai grandi compositori per il cinema da parte dell\u2019<strong>Orchestra da Camera Fiorentina<\/strong>. Il comico <strong>Sergio Sgrilli <\/strong>inuna serata dedicata a Giorgio Gaber, una serata dedicata alle canzoni e alle storie di Gino Paoli, la consolidata collaborazione con il <strong>Maggio Musicale Fiorentino<\/strong> con due serate, una dedicata alle arie d\u2019opera e l\u2019altra al racconto del genio di Mozart e soprattutto la presenza di uno dei maestri della musica italiana dagli anni 60: <strong>Don Backy<\/strong>.<\/p>\n\n\n\n<p>Con le sue trentasei edizioni, il Festival Suoni e Colori in Toscana si conferma come il pi\u00f9 longevo della regione. La nuova edizione, che prender\u00e0 il via domenica 31 agosto, si svolger\u00e0 in diverse location del comune di Rignano sull\u2019Arno e di Reggello, ripetendo la formula che lo ha contraddistinto in tutti questi anni: un festival itinerante capace di fondere le suggestioni del territorio con proposte artistiche di altissimo livello.<\/p>\n\n\n\n<p>&#8220;Il filo conduttore di quest\u2019anno \u00e8 l\u2019omaggio ai maestri&#8221;, dichiara il direttore artistico <strong>Fabrizio Checcacci<\/strong>. &#8220;Quei maestri che con la loro arte hanno tracciato strade, indicato direzioni, lasciato segni profondi nella musica e nella cultura italiana ed europea. Abbiamo scelto di raccontarli con rispetto, affetto e uno sguardo creativo, perch\u00e9 ogni tributo sia anche un modo per riscoprire la loro attualit\u00e0. Da Ennio Morricone a Giorgio Gaber, da Gino Paoli a Mozart, fino a ospitare un autentico &#8216;maestro&#8217; della musica d\u2019autore come Don Backy: questa edizione \u00e8 un viaggio tra epoche e stili diversi, un intreccio di storie, note e parole che rendono omaggio a chi ha saputo insegnarci a guardare (e ascoltare) in modo nuovo. Ci saranno spettacoli che raccontano, spettacoli che emozionano, spettacoli che fanno sorridere e riflettere. In ognuno, la figura del &#8216;maestro&#8217; sar\u00e0 centrale: come guida, come memoria, come scintilla. E anche questa volta non mancheranno incursioni teatrali, contaminazioni, sorprese. Perch\u00e9 i grandi maestri sono quelli che continuano a ispirare, anche quando la lezione sembra finita.<\/p>\n\n\n\n<p>Il cartellone di quest\u2019anno \u00e8 una dichiarazione d\u2019amore verso chi ha saputo creare bellezza e condividerla. \u00c8 un modo per dire grazie, e per tenere viva la loro voce, sul palco e tra il pubblico. Una nuova scommessa tematica che speriamo di vincere.&#8221;<\/p>\n\n\n\n<p>La direzione artistica di Fabrizio Checcacci \u2014 che quest\u2019anno firma la sua decima edizione \u2014 punta ancora una volta sulla qualit\u00e0. Si parte domenica 31 agosto alla Villa Il Palagio con <strong>L\u2019Orchestra da Camera Fiorentina<\/strong> diretta da <strong>Giuseppe Lanzetta<\/strong> e la sua \u201c<strong>Musica Dal Grande Schermo\u201d<\/strong>, un omaggio per pianoforte, tromba ed orchestra alla musica di <strong>Ennio Morricone, Nino Rota, Nicola Pio<\/strong>vani e tutti i grandi compositori per il cinema.<\/p>\n\n\n\n<p>I grandi maestri della canzone d\u2019autore vengono omaggiati con due spettacoli: la comicit\u00e0 di <strong>Sergio Sgrilli<\/strong> sar\u00e0 <strong>\u201cAl cospetto di Gaber\u201d<\/strong> e alle prese con il suo teatro canzone del quale \u00e8 stato pregiatissimo interprete <em>(mercoled\u00ec 10 settembre, Chiesa di San Pietro in Perticaia)<\/em> mentre la vita e la musica di <strong>Gino Paoli<\/strong> saranno raccontate in scena da <strong>Fabio Fantini<\/strong> ne <strong>\u201cI semafori rossi non sono Dio\u201d<\/strong> <em>(domenica 7 settembre, Castello di Volognano).<\/em> Un altro omaggio alla canzone d\u2019autore sar\u00e0 anche quello dei <strong>Train De Vie<\/strong> <em>(venerd\u00ec 5 settembre, Sala Iris, Cellai) <\/em>con il loro originale folk rock d\u2019autore che ha tra i suoi maestri Dylan, Leonard Cohen, Fabrizio De Andr\u00e9. &nbsp;<br>Anche quest\u2019anno \u00e8 rinnovata la collaborazione con il <strong>Maggio Musicale<\/strong> <strong>Fiorentino<\/strong> con due appuntamenti: uno spettacolo teatrale dedicato al genio di Mozart, <strong>\u201cThe Wam Game\u201d<\/strong> scritto e diretto da Manu Lalli <em>(sabato 13 settembre, Torre A Cona)<\/em> e una pomeridiana dedicata alle grandi Arie da Camera <em>(domenica 14 settembre, ore 17, Pieve di San Leolino)<\/em>. Entrambi gli spettacoli del Maggio Musicale Fiorentino sono ad ingresso libero.<\/p>\n\n\n\n<p>Ma l\u2019autentico fiore all\u2019occhiello del festival sar\u00e0 la presenza di un autentico e venerato maestro della canzone d\u2019autore dagli anni \u201960 in poi: <strong>il concerto di Don Backy <\/strong><em>(mercoled\u00ec 3 settembre, Villa Pitiana, Reggello).<\/em> Un\u2019occasione preziosa per incontrare dal vivo una voce che ha attraversato decenni di musica italiana, con uno stile inconfondibile e un repertorio che ha fatto la storia.<\/p>\n\n\n\n<p>Un festival che non celebra solo il passato, ma lo riporta al presente, rendendo omaggio a chi ha saputo \u2014 con grazia, forza e visione \u2014 diventare maestro.<\/p>\n\n\n\n<p>Anche per questa edizione, il festival conferma la sua natura diffusa e itinerante: come da tradizione, gli spettacoli si terranno in luoghi suggestivi, ricchi di fascino e storia \u2013 ville, castelli, chiese e pievi \u2013 che contribuiscono a rendere ogni appuntamento un\u2019esperienza unica. La scelta di spazi non convenzionalmente dedicati agli eventi artistici ha permesso, negli anni, al pubblico \u2013 soprattutto quello proveniente da fuori territorio \u2013 di scoprire alcune delle gemme paesaggistiche del Valdarno fiorentino: dalla millenaria Pieve di San Leolino al Castello di Volognano, da Torre a Cona a Villa Pitiana nel comune di Reggello.<br>Al termine di ogni spettacolo, il personale del Comune di Rignano offrir\u00e0 un buffet a tutti i presenti, in un momento conviviale che ormai \u00e8 parte integrante dell\u2019identit\u00e0 del festival. Perch\u00e9 le belle tradizioni, quelle che uniscono arte, territorio e comunit\u00e0, meritano di essere rispettate e portate avanti.<br><br><\/p>\n\n\n\n<hr class=\"wp-block-separator has-alpha-channel-opacity\"\/>\n\n\n\n<p><strong>Ingresso<\/strong>: 14\u20ac comprensivo di cena a buffet. 12\u20ac riduzioni per over 65<\/p>\n\n\n\n<p>Gli spettacoli del 13 (<strong>The Wam Game<\/strong>) e del 14 settembre (<strong>Arie da camera<\/strong>) sono ad ingresso libero<\/p>\n\n\n\n<p>Prevendite su <a href=\"http:\/\/www.ticketone.it\">www.ticketone.it<\/a><\/p>\n\n\n\n<p>Info: <a href=\"mailto:contatti@macchinadelsuono.it\">contatti@macchinadelsuono.it<\/a><\/p>\n\n\n\n<p>Prenotazioni: <a href=\"mailto:prenotazioni@macchinadelsuono.it\">prenotazioni@macchinadelsuono.it<\/a><\/p>\n\n\n\n<p><strong><em><u><a href=\"https:\/\/www.suoniecoloriintoscana.it\/index.php\/festival-suoni-e-colori-2025\/\">IL PROGRAMMA COMPLETO<\/a><\/u><\/em><\/strong><\/p>\n\n\n\n<hr class=\"wp-block-separator has-css-opacity\"\/>\n\n\n\n<p><\/p>\n","protected":false},"excerpt":{"rendered":"<p>Dal 31 Agosto al 14 Settembre 2025 torna uno dei festival pi\u00f9 longevi della toscana con proposte che hanno come tema l\u2019omaggio ai maestri della musica Tra gli spettacoli, l\u2019omaggio a Ennio Morricone, Nino Rota e ai grandi compositori per il cinema da parte dell\u2019Orchestra da Camera Fiorentina. Il comico Sergio Sgrilli inuna serata dedicata&hellip;<\/p>\n","protected":false},"author":1,"featured_media":209,"parent":0,"menu_order":0,"comment_status":"closed","ping_status":"closed","template":"","meta":{"footnotes":""},"class_list":["post-49","page","type-page","status-publish","has-post-thumbnail","hentry"],"_links":{"self":[{"href":"https:\/\/www.suoniecoloriintoscana.it\/index.php\/wp-json\/wp\/v2\/pages\/49","targetHints":{"allow":["GET"]}}],"collection":[{"href":"https:\/\/www.suoniecoloriintoscana.it\/index.php\/wp-json\/wp\/v2\/pages"}],"about":[{"href":"https:\/\/www.suoniecoloriintoscana.it\/index.php\/wp-json\/wp\/v2\/types\/page"}],"author":[{"embeddable":true,"href":"https:\/\/www.suoniecoloriintoscana.it\/index.php\/wp-json\/wp\/v2\/users\/1"}],"replies":[{"embeddable":true,"href":"https:\/\/www.suoniecoloriintoscana.it\/index.php\/wp-json\/wp\/v2\/comments?post=49"}],"version-history":[{"count":6,"href":"https:\/\/www.suoniecoloriintoscana.it\/index.php\/wp-json\/wp\/v2\/pages\/49\/revisions"}],"predecessor-version":[{"id":225,"href":"https:\/\/www.suoniecoloriintoscana.it\/index.php\/wp-json\/wp\/v2\/pages\/49\/revisions\/225"}],"wp:featuredmedia":[{"embeddable":true,"href":"https:\/\/www.suoniecoloriintoscana.it\/index.php\/wp-json\/wp\/v2\/media\/209"}],"wp:attachment":[{"href":"https:\/\/www.suoniecoloriintoscana.it\/index.php\/wp-json\/wp\/v2\/media?parent=49"}],"curies":[{"name":"wp","href":"https:\/\/api.w.org\/{rel}","templated":true}]}}